{"id":142,"date":"2025-04-28T18:55:45","date_gmt":"2025-04-28T18:55:45","guid":{"rendered":"https:\/\/www.autorijschooljmaedy.nl\/?page_id=142"},"modified":"2026-04-12T23:02:06","modified_gmt":"2026-04-12T23:02:06","slug":"algemene-voorwaarden","status":"publish","type":"page","link":"https:\/\/www.autorijschooljmaedy.nl\/?page_id=142","title":{"rendered":"Algemene Voorwaarden"},"content":{"rendered":"\t\t<div data-elementor-type=\"wp-page\" data-elementor-id=\"142\" class=\"elementor elementor-142\" data-elementor-post-type=\"page\">\n\t\t\t\t<div class=\"elementor-element elementor-element-48559a7 e-flex e-con-boxed e-con e-parent\" data-id=\"48559a7\" data-element_type=\"container\" data-e-type=\"container\">\n\t\t\t\t\t<div class=\"e-con-inner\">\n\t\t\t\t<div class=\"elementor-element elementor-element-956d345 elementor-widget elementor-widget-heading\" data-id=\"956d345\" data-element_type=\"widget\" data-e-type=\"widget\" data-widget_type=\"heading.default\">\n\t\t\t\t<div class=\"elementor-widget-container\">\n\t\t\t\t\t<h2 class=\"elementor-heading-title elementor-size-default\">Algemene Voorwaarden\n<\/h2>\t\t\t\t<\/div>\n\t\t\t\t<\/div>\n\t\t\t\t\t<\/div>\n\t\t\t\t<\/div>\n\t\t<div class=\"elementor-element elementor-element-2b39e32 e-flex e-con-boxed e-con e-parent\" data-id=\"2b39e32\" data-element_type=\"container\" data-e-type=\"container\">\n\t\t\t\t\t<div class=\"e-con-inner\">\n\t\t\t\t<div class=\"elementor-element elementor-element-19fbfaf elementor-widget elementor-widget-text-editor\" data-id=\"19fbfaf\" data-element_type=\"widget\" data-e-type=\"widget\" data-widget_type=\"text-editor.default\">\n\t\t\t\t<div class=\"elementor-widget-container\">\n\t\t\t\t\t\t\t\t\t<p>Deze algemene voorwaarden zijn van toepassing op alle overeenkomsten die worden aangegaan met Autorijschool J\u2019Maedy, alswel op iedereen die lessen volgt of andere diensten afneemt van deze autorijschool. Hierin staan alle afspraken die nageleefd moeten worden door de Autorijschool J\u2019Maedy en de leerlingen.<\/p>\t\t\t\t\t\t\t\t<\/div>\n\t\t\t\t<\/div>\n\t\t\t\t\t<\/div>\n\t\t\t\t<\/div>\n\t\t<div class=\"elementor-element elementor-element-44481c7 e-flex e-con-boxed e-con e-parent\" data-id=\"44481c7\" data-element_type=\"container\" data-e-type=\"container\">\n\t\t\t\t\t<div class=\"e-con-inner\">\n\t\t\t\t<div class=\"elementor-element elementor-element-293a2d9 elementor-widget elementor-widget-text-editor\" data-id=\"293a2d9\" data-element_type=\"widget\" data-e-type=\"widget\" data-widget_type=\"text-editor.default\">\n\t\t\t\t<div class=\"elementor-widget-container\">\n\t\t\t\t\t\t\t\t\t<p><strong><span style=\"font-family: var( --e-global-typography-text-font-family ), Sans-serif; font-size: var( --e-global-typography-text-font-size ); text-align: var(--text-align); -webkit-text-size-adjust: 100%;\">Artikel 1 \u2013 Definities<\/span><\/strong><\/p><p>1. Autorijschool J\u2019Maedy: Autorijschool J\u2019Maedy, gevestigd te Rotterdam, KvK-nummer 85485624.<\/p><p>2. Leerling: Degene met wie Autorijschool J\u2019Maedy een overeenkomst is aangegaan.<br \/>&#8211; onder Leerling wordt tevens \u2018ouder\u2019 of \u2018 wettelijke vertegenwoordiger als de bepaling in de algemene voorwaarden betrekking heeft op het betalen van de lesprijs en\/of andere kosten verband houdende met het verstrekken van rijonderricht door Autorijschool J\u2019Maedy aan de Leerling.<\/p><p><strong>Artikel 2 \u2013 Verplichtingen Autorijschool J\u2019Maedy<\/strong><\/p><p>2.1 De Leerling krijgt rijlessen van een rijinstructeur die aan de eisen voldoet van de Wet Rijonderricht Motorrijtuigen(WRM). De instructeur moet in het bezit zijn van een bevoegdheidspas.<\/p><p>2.2 De rijlessen worden minimaal 7 dagen (1 week) vooruit gepland.<\/p><p>2.3 De Leerling legt het praktijkexamen in principe af met de auto waarin de rijlessen worden gegeven. In geval van overmacht bij de rijinstructeur, kan het echter gebeuren dat de Leerling het praktijkexamen aflegt in een vervangende lesauto.<\/p><p>2.4 Het praktijkexamen wordt aangevraagd, nadat Autorijschool J\u2019Maedy is gemachtigd op de website van CBR met je Digi-D, de Leerling in het bezit is van een geldig theoriecertificaat en alle kosten van het rijlespakket zijn betaald.<\/p><p>2.5 Er is een WAM verzekering afgesloten.<\/p><p>2.6 Indien de lessen niet door kunnen gaan als gevolg van ziekte van de instructeur of een ongeval, weer- en\/of verkeersomstandigheden, wordt de Leerling hiervan tijdig op de hoogte gesteld en wordt er een nieuwe rijles binnen 14 dagen ingepland.<\/p><p>2.7 Indien het voorkomt dat de instructeur onverhoopt wegens onmacht later aankomt bij de ophaaladres, zal er contact worden opgenomen met de Leerling om dit aan te geven. De verloren minuten worden ingehaald.<\/p><p><strong>Artikel 3 \u2013 Verplichtingen Leerlingen<\/strong><\/p><p>3.1 Voor het volgen van rijlessen moet je 16,5 jaar zijn. De Leerling moet tijdens de rijlessen altijd in het bezit zijn van een geldig legitimatie bewijs.<\/p><p>3.2 De Leerling is verplicht een gezondheidsverklaring aan te vragen op www.cbr.nl<\/p><p>3.3 De Leerling bevestigt de rijles via whatsapp om de rijles definitief te maken.<\/p><p>3.4 De Leerling mag een rijles afzeggen of verschuiven. Dit kan tot 24 uur voor de rijles. Dan kan er kosteloos een nieuwe rijles gepland worden. Bij afmelden of verschuiven binnen 24 uur voor de rijles, heeft Autorijschool J\u2019Maedy het recht om de les in rekening te brengen in verband met de gereserveerde tijd.<\/p><p>3.5 De Leerling is op de afgesproken tijd aanwezig op het afgesproken ophaaladres. Mocht de Leerling te laat komen, dan wacht de instructeur 15 min op het afgesproken ophaaladres. Mocht de Leerling na 15 minuten niet komen opdagen wordt de rijles 100% in rekening gebracht.<\/p><p>3.6 Een les die na 24 uur wordt afgezegd, wordt niet bij de Leerling in rekening gebracht als er een dringende reden is. Dringende reden zijn: het overlijden van een naaste familie, begrafenis of spoedopname in het ziekenhuis. Geen dringende reden is bijvoorbeeld: vakantie, ziek zijn, ziekenhuisopname waarbij je weet dat je opgenomen wordt, maar dat dit van tevoren niet aangeeft of vergeet aan te geven.<\/p><p>3.7 De Leerling verstrekt alle noodzakelijke informatie over zijn\/haar medische en of psychische toestand, medicijngebruik die de rijvaardigheid kunnen be\u00efnvloeden, alcohol en of drugsgebruik naar waarheid aan Autorijschool J\u2019Maedy.<\/p><p>3.8 Indien de Leerling iets verzwijgt uit hetgeen in 3.7 vermeld staat, dan heeft Autorijschool J\u2019Maedy het recht de lessen (lesovereenkomst) per direct te doen be\u00ebindigen zonder enige restitutie van lesgelden.<\/p><p>3.9 Bij schade ontstaan als gevolg van de in 3.7 genoemde situaties heeft Autorijschool J\u2019Maedy het recht dit volledig te verhalen op de Leerling.<\/p><p><strong>Artikel 4 \u2013 Betaling<\/strong><\/p><p>4.1 Autorijschool J\u2019Maedy hanteert prijzen in euro\u2019s, inclusief btw en exclusief eventuele overige kosten zoals administratie- of verzendkosten, tenzij schriftelijk anders is afgesproken.<\/p><p>4.2 De betalingen van de losse lessen en proeflessen moeten voor elke rijles worden voldaan.<\/p><p>4.3 De pakketten 2, 3 en 4 kunnen in termijnen betaald worden.<\/p><p><strong>Pakket 2 in 2 termijnen van \u20ac 660<\/strong><br \/>&#8211; 1e termijn moet v\u00f3\u00f3r het 1e blokuur voldaan zijn<br \/>&#8211; 2e termijn moet v\u00f3\u00f3r het 6e blokuur voldaan zijn<\/p><p><strong>Pakket 3 in 3 termijnen van \u20ac 588,34<\/strong><br \/>&#8211; 1e termijn moet v\u00f3\u00f3r het 1e blokuur voldaan zijn<br \/>&#8211; 2e termijn moet v\u00f3\u00f3r het 5e blokuur voldaan zijn<br \/>&#8211; 3e termijn moet v\u00f3\u00f3r het 10e blokuur voldaan zijn<\/p><p><strong>Pakket 4 in 4 termijnen van \u20ac 533,75<\/strong><br \/>&#8211; 1e termijn moet v\u00f3\u00f3r het 1e blokuur voldaan zijn<br \/>&#8211; 2e termijn moet v\u00f3\u00f3r het 5e blokuur voldaan zijn<br \/>&#8211; 3e termijn moet v\u00f3\u00f3r het 10e blokuur voldaan zijn<br \/>&#8211; 4e termijn moet v\u00f3\u00f3r het 15e blokuur voldaan zijn<\/p><p><strong>Pakket 5 in 4 termijnen van \u20ac 665<\/strong><br \/>&#8211; 1e termijn moet v\u00f3\u00f3r het 1e blokuur voldaan zijn<br \/>&#8211; 2e termijn moet v\u00f3\u00f3r het 5e blokuur voldaan zijn<br \/>&#8211; 3e termijn moet v\u00f3\u00f3r het 10e blokuur voldaan zijn<br \/>&#8211; 4e termijn moet v\u00f3\u00f3r het 15e blokuur voldaan zijn<br \/>&#8211; 5e termijn moet v\u00f3\u00f3r het 20e blokuur voldaan zijn<\/p><p>4.4 Na ontvangst van de betaling(van het eerste betalingstermijn van) het pakket, zal de eerste rijles plaatsvinden.<\/p><p>4.5 Als Autorijschool J\u2019Maedy na het verstrijken van de betalingstermijn nog geen betaling heeft ontvangen, worden de rijlessen stopgezet.<\/p><p>4.6 De pakketten zijn gebaseerd op de tarieven van het jaar 2026.<\/p><p>4.7 Autorijschool J\u2019Maedy mag de tijdens de duur van de overeenkomst de prijzen verhogen. De Leerling heeft dan het recht om de overeenkomst te ontbinden. (zie artikel 6.)<\/p><p>4.8 Autorijschool J\u2019Maedy mag de prijzen jaarlijks aanpassen.<\/p><p>4.9 Autorijschool J\u2019Maedy zal prijsaanpassingen meedelen aan de Leerling voorafgaand aan de ingang ervan.<\/p><p>4.10 Als de Leerling in verzuim blijft het openstaande bedrag te betalen, kan Autorijschool J\u2019Maedy je vordering ter incasso uit handen geven. Alle bijkomende kosten, gerechtelijk en buitengerechtelijk zijn dan voor rekening van de Leerling.<\/p><p><strong>Artikel 5 \u2013 Praktijk(her)examen of Tussentijdse toets<\/strong><\/p><p>5.1 Voor het aanvragen van een praktijk(her)examen of tussentijdse toets moet de leerling Autorijschool J\u2019Maedy machtigen op www.cbr.nl met behulp van het rijschoolnummer <strong>7289N3<\/strong>.<\/p><p>5.2 Het praktijkexamen wordt aangevraagd als het pakket volledig is betaald. Tenzij de Leerling het praktijkexamen eerder wenst te laten boeken, kan dit tegen betaling van een vergoeding van \u20ac 50,-. Deze vergoeding is niet restitueerbaar, ongeacht de reden van annulering of wijziging van het examen.<\/p><p>5.3 Indien het praktijkexamen niet doorgaat omdat de Leerling niet of te laat bij de examenplaats verschijnt, of omdat de Leerling niet de vereiste documenten kan tonen, dan zijn de kosten voor de aanvraag van een nieuw praktijkexamen voor rekening van de Leerling.<\/p><p>5.4 Autorijschool J\u2019Maedy is na mondelinge of schriftelijke aankondiging gerechtigd om tussentijdse prijswijzigingen van het praktijkgedeelte van het onderzoek integraal door te berekenen en is verplicht op verzoek van de Leerling een schriftelijke specificatie van die prijswijziging te geven.<\/p><p>5.5 Mocht het praktijkexamen niet doorgaan wegens slecht weer, bijvoorbeeld door ijzel of sneeuw dan hoeft de Leerling het nieuwe praktijkexamen niet zelf te betalen. Autorijschool J\u2019Maedy heeft dan w\u00e9l het recht om aan de Leerling de kosten van \u00e9\u00e9n autorijles te berekenen.<\/p><p>5.6 Wanneer een Praktijkexamen, Tussentijdse toets of BNOR wordt ingekocht bij CBR, heeft de Leerling geen recht op teruggaaf van het bedrag.<\/p><p>5.7 Bij teveel absentie van de rijlessen door de Leerling, na aanvraag van het praktijkexamen, heeft de instructeur het recht om het praktijkexamen te annuleren\/verschuiven. In deze situatie hoeft de instructeur de Leerling vooraf niet in te lichten.<\/p><p><strong>Artikel 6 \u2013 Ontbinden<\/strong><\/p><p>6.1 Autorijschool J\u2019Maedy heeft het recht om alle vormen van overeenkomsten te doen ontbinden als:<br \/>&#8211; Autorijschool J\u2019Maedy sterk het vermoeden heeft dat de Leerling opzettelijk geen en\/of onjuiste informatie heeft gegeven (zie artikel 3.7);<br \/>&#8211; Autorijschool J\u2019Maedy sterk het vermoeden heeft dat de Leerling opzettelijk niet meewerkt aan de vooruitgang van de lessen.<\/p><p>6.2 Bij vooruitbetaling van lesgeld en ontbinding door de Leerling, biedt Autorijschool J\u2019Maedy een geld-terug-garantie. Het terug te betalen bedrag wordt berekend door de niet-genoten rijlessen te restitueren, met een inhouding van een minimum bedrag van \u20ac50,- als administratieve vergoeding. Deze garantie geldt niet voor reeds genoten rijlessen, examenkosten, tussentijdse toetsen of de administratievergoeding van \u20ac 50 voor het eerder boeken van een examen.<\/p><p>6.3 Autorijschool J\u2019Maedy kan de overeenkomst ook ontbinden als er om zodanige dringende redenen geen rijles gegeven kan worden. In dat geval zal Autorijschool J\u2019Maedy niet genoten lesgelden terugbetalen.<\/p><p><strong>Artikel 7 \u2013 Vrijwarring<\/strong><\/p><p>7.1 Autorijschool J\u2019Maedy vrijwaart de Leerling voor aanspraken van derden als gevolg van botsingen, aan- en overrijden en verkeersovertredingen die tijdens de rijles en\/of het examen hebben plaatsgevonden. Voorvallen die het gevolg zijn van opzet en\/of grove schuld van de Leerling, alsmede het gebruik door de Leerling van alcohol, drugs, geneesmiddelen die de rijbevoegdheid kunnen be\u00efnvloeden, zijn van deze vrijwaring uitgezonderd.<\/p><p>7.2 Als je als Leerling een rijles volgt ondanks dat je een bij rechterlijke uitspraak de rijbevoegdheid is ontzegd motorvoertuigen te besturen en\/of je rijbewijs is ingevorderd en de bij het sluiten van de lesovereenkomst gedane opgave dus onjuist is, vrijwaart de Leerling Autorijschool J\u2019Maedy volledig voor de gevolgen hiervan. De Leerling zal eventuele ter zake opgelegde boetes geheel vergoeden, als ook alle andere financi\u00eble consequenties geheel voor zijn\/haar rekening nemen.<\/p><p><strong>Artikel 8 &#8211; Aanvullende afspraken<\/strong><\/p><p>8.1 Autorijschool J\u2019Maedy kan indien het nodig is aanvullende afspraken met de Leerling maken. Deze zullen dan in een e-mail worden vastgelegd.<\/p><p>8.2 Deze algemene voorwaarden zullen op al onze overeenkomsten van kracht zijn.<\/p><p><strong>Artikel 9 \u2013 Geschillen<\/strong><\/p><p>9.1 Autorijschool J\u2019Maedy en de Leerling proberen bij een geschil er eerst samen uit te komen en indien de Leerling minderjarig is, zal het geschil met de ouders\/voogd worden besproken en afgehandeld.<\/p><p>9.2 Als Autorijschool J\u2019Maedy en de Leerling niet tot een oplossing komen is het Nederlands recht van toepassing.<\/p><p><span style=\"text-decoration: underline;\"><em><strong>Bij deelname aan de rijlessen geeft de Leerling aan ingestemd te hebben met al deze bovenstaande voorwaarden.<\/strong><\/em><\/span><\/p>\t\t\t\t\t\t\t\t<\/div>\n\t\t\t\t<\/div>\n\t\t\t\t<div class=\"elementor-element elementor-element-72844d1 elementor-widget elementor-widget-text-editor\" data-id=\"72844d1\" data-element_type=\"widget\" data-e-type=\"widget\" data-widget_type=\"text-editor.default\">\n\t\t\t\t<div class=\"elementor-widget-container\">\n\t\t\t\t\t\t\t\t\t<h6>Copyright 2026 \u00a9 All rights reserved<\/h6>\t\t\t\t\t\t\t\t<\/div>\n\t\t\t\t<\/div>\n\t\t\t\t\t<\/div>\n\t\t\t\t<\/div>\n\t\t\t\t<\/div>\n\t\t","protected":false},"excerpt":{"rendered":"<p>Algemene Voorwaarden Deze algemene voorwaarden zijn van toepassing op alle overeenkomsten die worden aangegaan met Autorijschool J\u2019Maedy, alswel op iedereen die lessen volgt of andere diensten afneemt van deze autorijschool. Hierin staan alle afspraken die nageleefd moeten worden door de Autorijschool J\u2019Maedy en de leerlingen. Artikel 1 \u2013 Definities 1. Autorijschool J\u2019Maedy: Autorijschool J\u2019Maedy, gevestigd [&hellip;]<\/p>\n","protected":false},"author":1,"featured_media":0,"parent":0,"menu_order":0,"comment_status":"closed","ping_status":"closed","template":"","meta":{"footnotes":""},"class_list":["post-142","page","type-page","status-publish","hentry"],"_links":{"self":[{"href":"https:\/\/www.autorijschooljmaedy.nl\/index.php?rest_route=\/wp\/v2\/pages\/142","targetHints":{"allow":["GET"]}}],"collection":[{"href":"https:\/\/www.autorijschooljmaedy.nl\/index.php?rest_route=\/wp\/v2\/pages"}],"about":[{"href":"https:\/\/www.autorijschooljmaedy.nl\/index.php?rest_route=\/wp\/v2\/types\/page"}],"author":[{"embeddable":true,"href":"https:\/\/www.autorijschooljmaedy.nl\/index.php?rest_route=\/wp\/v2\/users\/1"}],"replies":[{"embeddable":true,"href":"https:\/\/www.autorijschooljmaedy.nl\/index.php?rest_route=%2Fwp%2Fv2%2Fcomments&post=142"}],"version-history":[{"count":10,"href":"https:\/\/www.autorijschooljmaedy.nl\/index.php?rest_route=\/wp\/v2\/pages\/142\/revisions"}],"predecessor-version":[{"id":196,"href":"https:\/\/www.autorijschooljmaedy.nl\/index.php?rest_route=\/wp\/v2\/pages\/142\/revisions\/196"}],"wp:attachment":[{"href":"https:\/\/www.autorijschooljmaedy.nl\/index.php?rest_route=%2Fwp%2Fv2%2Fmedia&parent=142"}],"curies":[{"name":"wp","href":"https:\/\/api.w.org\/{rel}","templated":true}]}}